{"id":14833,"date":"2024-11-12T12:22:57","date_gmt":"2024-11-12T11:22:57","guid":{"rendered":"https:\/\/perlucine.fr\/produit\/creme-hydratante-visage\/"},"modified":"2024-11-26T11:36:07","modified_gmt":"2024-11-26T10:36:07","slug":"creme-hydratante-visage","status":"publish","type":"product","link":"https:\/\/perlucine.fr\/en\/produit\/creme-hydratante-visage\/","title":{"rendered":"Hydrating face cream \ud83d\udc99"},"content":{"rendered":"<div class=\"wpb-content-wrapper\"><p>[vc_row gap=&#8221;35&#8243; equal_height=&#8221;yes&#8221; mobile_bg_img_hidden=&#8221;no&#8221; tablet_bg_img_hidden=&#8221;no&#8221; woodmart_parallax=&#8221;0&#8243; woodmart_gradient_switch=&#8221;no&#8221; row_reverse_mobile=&#8221;0&#8243; row_reverse_tablet=&#8221;0&#8243; woodmart_disable_overflow=&#8221;0&#8243; kswr_row_top_decor_enabled=&#8221;false&#8221; kswr_row_bottom_decor_enabled=&#8221;false&#8221;][vc_column width=&#8221;1\/2&#8243; css=&#8221;.vc_custom_1567113450203{border-right-width: 1px !important;padding-top: 10px !important;border-right-color: #e0e0e0 !important;border-right-style: solid !important;border-radius: 1px !important;}&#8221; mobile_bg_img_hidden=&#8221;no&#8221; tablet_bg_img_hidden=&#8221;no&#8221; woodmart_parallax=&#8221;0&#8243; woodmart_sticky_column=&#8221;false&#8221; parallax_scroll=&#8221;no&#8221; mobile_reset_margin=&#8221;no&#8221; tablet_reset_margin=&#8221;no&#8221;]\t\t\t<div id=\"wd-5d89d746ef1d6\" class=\"wd-text-block-wrapper wd-wpb wd-rs-5d89d746ef1d6 color-scheme-custom text-left vc_custom_1569314644967 duce\">\n\t\t\t\t<div class=\"woodmart-title-container woodmart-text-block reset-last-child font-alt wd-font-weight-200 \">\n\t\t\t\t\t<span class=\"duce\" style=\"font-size: 30px; margin-bottom: 20px;\">The Actives<\/span>\t\t\t\t<\/div>\n\n\t\t\t\t\t\t\t<\/div>\n\t\t\t\t\t<div id=\"wd-67333ccc728a7\" class=\"wd-text-block-wrapper wd-wpb wd-rs-67333ccc728a7 color-scheme-custom text-left vc_custom_1731411172150 duce\">\n\t\t\t\t<div class=\"woodmart-title-container woodmart-text-block reset-last-child font-alt wd-font-weight-200 \">\n\t\t\t\t\t<\/p>\n<p style=\"text-align: justify;\"><b>Moisturizing ingredients : <\/b>hyaluronic acid, aloe vera, earth marine water from Noirmoutier, vegetable glycerin.<\/p>\n<p style=\"text-align: justify;\"><b>Nourishing ingredients : <\/b>shea butter, sweet almond oil, vegetable glycerin.<\/p>\n<p style=\"text-align: justify;\"><b>Soothing ingredients : <\/b>aloe vera, earth marine water from Noirmoutier, sweet almond oil.<\/p>\n<p>\t\t\t\t<\/div>\n\n\t\t\t\t\t\t\t<\/div>\n\t\t\t\t\t<div id=\"wd-5d89d77d694d0\" class=\"wd-text-block-wrapper wd-wpb wd-rs-5d89d77d694d0 color-scheme-custom text-left vc_custom_1569314696323 duce\">\n\t\t\t\t<div class=\"woodmart-title-container woodmart-text-block reset-last-child font-alt wd-font-weight-200 \">\n\t\t\t\t\t<span class=\"duce\" style=\"font-size: 30px; margin-bottom: 20px;\">The ingredients<\/span>\t\t\t\t<\/div>\n\n\t\t\t\t\t\t\t<\/div>\n\t\t\t\t\t<div id=\"wd-67333d06783c5\" class=\"wd-text-block-wrapper wd-wpb wd-rs-67333d06783c5 color-scheme-custom text-left vc_custom_1731411221103 duce\">\n\t\t\t\t<div class=\"woodmart-title-container woodmart-text-block reset-last-child font-alt wd-font-weight-200 \">\n\t\t\t\t\t<\/p>\n<p style=\"text-align: justify;\">AQUA (water), PRUNUS AMYGDALUS DULCIS OIL* (sweet almond oil), GLYCERIN (vegetable glycerin), CAPRYLIC\/CAPRIC TRIGLYCERIDE (emollient), PENTYLENE GLYCOL (solvent), CETEARYL ALCOHOL (emulsifying agent), GLYCERYL STEARATE CITRATE (emulsifying agent), PARFUM (COSMOS approved fragrance), BUTYROSPERMUM PARKII BUTTER* (shea butter), GLYCERYL BEHENATE (emulsifying agent), MARIS AQUA (earth marine water from Noirmoutier), SODIUM BENZOATE (preservative), XANTHAN GUM (natural xanthan gum), TOCOPHEROL (vitamin E from sunflower oil), ALOE BARBADENSIS LEAF JUICE POWDER* (aloe vera powder), SODIUM HYALURONATE (hyaluronic acid), CITRIC ACID (pH ajuster), GERANIOL (allergen from perfume), SODIUM HYDROXIDE (pH ajuster), LINALOOL (allergen from perfume), HELIANTHUS ANNUUS SEED OIL (sunflower oil), LIMONENE (allergen from perfume), CITRAL (allergen from perfume).<\/p>\n<p><span style=\"font-size: 10pt;\"><i>* From organic farming<br \/>\n99,6% of total ingredients come from natural origin, 29% of total ingredients come from organic farming.<\/i><\/span>\t\t\t\t<\/div>\n\n\t\t\t\t\t\t\t<\/div>\n\t\t[\/vc_column][vc_column width=&#8221;1\/2&#8243; css=&#8221;.vc_custom_1567113271282{padding-top: 10px !important;}&#8221; mobile_bg_img_hidden=&#8221;no&#8221; tablet_bg_img_hidden=&#8221;no&#8221; woodmart_parallax=&#8221;0&#8243; woodmart_sticky_column=&#8221;false&#8221; parallax_scroll=&#8221;no&#8221; mobile_reset_margin=&#8221;no&#8221; tablet_reset_margin=&#8221;no&#8221;]\t\t\t<div id=\"wd-5d89d79944df2\" class=\"wd-text-block-wrapper wd-wpb wd-rs-5d89d79944df2 color-scheme-custom text-left vc_custom_1569314729504 duce\">\n\t\t\t\t<div class=\"woodmart-title-container woodmart-text-block reset-last-child font-alt wd-font-weight-200 \">\n\t\t\t\t\t<span class=\"duce\" style=\"font-size: 30px; margin-bottom: 20px;\">Directions for use<\/span>\t\t\t\t<\/div>\n\n\t\t\t\t\t\t\t<\/div>\n\t\t[vc_row_inner content_placement=&#8221;top&#8221; row_reverse_mobile=&#8221;0&#8243; row_reverse_tablet=&#8221;0&#8243;][vc_column_inner]\t\t\t<div id=\"wd-67333d49cca40\" class=\"wd-text-block-wrapper wd-wpb wd-rs-67333d49cca40 color-scheme-custom text-left vc_custom_1731411281408 duce\">\n\t\t\t\t<div class=\"woodmart-title-container woodmart-text-block reset-last-child font-alt wd-font-weight-200 \">\n\t\t\t\t\t<br \/>\nMorning and\/or evening, apply the cream on a clean and dry skin (face and neck). Massage gently until the complete absorption.<br \/>\n\t\t\t\t<\/div>\n\n\t\t\t\t\t\t\t<\/div>\n\t\t[\/vc_column_inner][\/vc_row_inner]\t\t\t<div class=\"info-box-wrapper\">\n\t\t\t\t<div id=\"wd-67333d6563bd9\" class=\" wd-rs-67333d6563bd9 wd-info-box wd-wpb text-center box-icon-align-top box-style-border color-scheme- wd-bg-none plus vc_custom_1731411423294\">\n\t\t\t\t\t\t\t\t\t\t<div class=\"info-box-content\">\n\t\t\t\t\t\t<h4 class=\"info-box-title title box-title-style-default wd-fontsize-m\">Key advantages<\/h4>\t\t\t\t\t\t<div class=\"info-box-inner reset-last-child\"><\/p>\n<ul>\n<li>Hydrates and nourrit la peau<\/li>\n<li>Soothes the skin<\/li>\n<li>Brings comfort<\/li>\n<li>Contributes to maintain the skin elasticity<\/li>\n<li>Natural origin ingredients fragrance<\/li>\n<\/ul>\n<p>\n<\/div>\n\n\t\t\t\t\t\t\t\t\t\t\t<\/div>\n\n\t\t\t\t\t\n\t\t\t\t\t\t\t\t\t<\/div>\n\t\t\t<\/div>\n\t\t[\/vc_column][\/vc_row][vc_row][vc_column][\/vc_column][\/vc_row]<\/p>\n<\/div>","protected":false},"excerpt":{"rendered":"<p class=\"duce sstitre\">with earth marine water from Noirmoutier<\/p>\n<p><strong>50ml jar &#8211; COSMOS Organic &#8211; Natural fragrance\u00a0<\/strong><\/p>\n<p><img loading=\"lazy\" decoding=\"async\" class=\"alignnone wp-image-12088 \" src=\"https:\/\/perlucine.fr\/wp-content\/uploads\/2022\/03\/COSMOS-ORGANIC-marron-500x594-1.png\" alt=\"\" width=\"108\" height=\"128\" srcset=\"https:\/\/perlucine.fr\/wp-content\/uploads\/2022\/03\/COSMOS-ORGANIC-marron-500x594-1.png 500w, https:\/\/perlucine.fr\/wp-content\/uploads\/2022\/03\/COSMOS-ORGANIC-marron-500x594-1-150x178.png 150w\" sizes=\"auto, (max-width: 108px) 100vw, 108px\" \/><\/p>\n<p style=\"text-align: justify;\">Perlucine Face Cream moisturizes and protects the skin. The softness of <strong>shea butter<\/strong> together with the <strong>hyaluronic acid<\/strong> and <strong>glycerin<\/strong> provide hydration to the skin. <strong>Aloe vera<\/strong> soothes and deeply moisturizes, while <strong>earth marine water<\/strong> and <strong>sweet almond oil<\/strong> provide softening and soothing properties. The delicate fragrance of Perlucine envelops each application with a feeling of softness and lightness.<\/p>\n<p>&nbsp;<\/p>\n","protected":false},"featured_media":14776,"template":"","meta":[],"product_brand":[],"product_cat":[77,83],"product_tag":[],"class_list":{"0":"post-14833","1":"product","2":"type-product","3":"status-publish","4":"has-post-thumbnail","6":"product_cat-cosmetic","7":"product_cat-face-cosmetics","9":"first","10":"instock","11":"taxable","12":"shipping-taxable","13":"purchasable","14":"product-type-simple"},"yoast_head":"<!-- This site is optimized with the Yoast SEO plugin v26.8 - https:\/\/yoast.com\/product\/yoast-seo-wordpress\/ -->\n<title>Hydrating face cream with earth marine water | Perlucine<\/title>\n<meta name=\"description\" content=\"La cr\u00e8me visage Perlucine hydrate et prot\u00e8ge la peau du visage. Le parfum d\u00e9licat de Perlucine enveloppe chaque application d&#039;une sensation de douceur et de l\u00e9g\u00e8ret\u00e9.\" \/>\n<meta name=\"robots\" content=\"index, follow, max-snippet:-1, max-image-preview:large, max-video-preview:-1\" \/>\n<link rel=\"canonical\" href=\"https:\/\/perlucine.fr\/en\/produit\/creme-hydratante-visage\/\" \/>\n<meta property=\"og:locale\" content=\"en_US\" \/>\n<meta property=\"og:type\" content=\"article\" \/>\n<meta property=\"og:title\" content=\"Hydrating face cream with earth marine water | Perlucine\" \/>\n<meta property=\"og:description\" content=\"La cr\u00e8me visage Perlucine hydrate et prot\u00e8ge la peau du visage. Le parfum d\u00e9licat de Perlucine enveloppe chaque application d&#039;une sensation de douceur et de l\u00e9g\u00e8ret\u00e9.\" \/>\n<meta property=\"og:url\" content=\"https:\/\/perlucine.fr\/en\/produit\/creme-hydratante-visage\/\" \/>\n<meta property=\"og:site_name\" content=\"Perlucine : cosm\u00e9tique naturelle et \u00e9co-responsable\" \/>\n<meta property=\"article:publisher\" content=\"https:\/\/www.facebook.com\/perlucine.fr\" \/>\n<meta property=\"article:modified_time\" content=\"2024-11-26T10:36:07+00:00\" \/>\n<meta property=\"og:image\" content=\"https:\/\/perlucine.fr\/wp-content\/uploads\/2024\/11\/Creme-Hydratante-Visage-1-2.jpg\" \/>\n\t<meta property=\"og:image:width\" content=\"1000\" \/>\n\t<meta property=\"og:image:height\" content=\"1000\" \/>\n\t<meta property=\"og:image:type\" content=\"image\/jpeg\" \/>\n<meta name=\"twitter:card\" content=\"summary_large_image\" \/>\n<meta name=\"twitter:label1\" content=\"Est. reading time\" \/>\n\t<meta name=\"twitter:data1\" content=\"3 minutes\" \/>\n<script type=\"application\/ld+json\" class=\"yoast-schema-graph\">{\"@context\":\"https:\/\/schema.org\",\"@graph\":[{\"@type\":\"WebPage\",\"@id\":\"https:\/\/perlucine.fr\/en\/produit\/creme-hydratante-visage\/\",\"url\":\"https:\/\/perlucine.fr\/en\/produit\/creme-hydratante-visage\/\",\"name\":\"Hydrating face cream with earth marine water | Perlucine\",\"isPartOf\":{\"@id\":\"https:\/\/perlucine.fr\/en\/#website\"},\"primaryImageOfPage\":{\"@id\":\"https:\/\/perlucine.fr\/en\/produit\/creme-hydratante-visage\/#primaryimage\"},\"image\":{\"@id\":\"https:\/\/perlucine.fr\/en\/produit\/creme-hydratante-visage\/#primaryimage\"},\"thumbnailUrl\":\"https:\/\/perlucine.fr\/wp-content\/uploads\/2024\/11\/Creme-Hydratante-Visage-1-2.jpg\",\"datePublished\":\"2024-11-12T11:22:57+00:00\",\"dateModified\":\"2024-11-26T10:36:07+00:00\",\"description\":\"La cr\u00e8me visage Perlucine hydrate et prot\u00e8ge la peau du visage. Le parfum d\u00e9licat de Perlucine enveloppe chaque application d'une sensation de douceur et de l\u00e9g\u00e8ret\u00e9.\",\"breadcrumb\":{\"@id\":\"https:\/\/perlucine.fr\/en\/produit\/creme-hydratante-visage\/#breadcrumb\"},\"inLanguage\":\"en-US\",\"potentialAction\":[{\"@type\":\"ReadAction\",\"target\":[\"https:\/\/perlucine.fr\/en\/produit\/creme-hydratante-visage\/\"]}]},{\"@type\":\"ImageObject\",\"inLanguage\":\"en-US\",\"@id\":\"https:\/\/perlucine.fr\/en\/produit\/creme-hydratante-visage\/#primaryimage\",\"url\":\"https:\/\/perlucine.fr\/wp-content\/uploads\/2024\/11\/Creme-Hydratante-Visage-1-2.jpg\",\"contentUrl\":\"https:\/\/perlucine.fr\/wp-content\/uploads\/2024\/11\/Creme-Hydratante-Visage-1-2.jpg\",\"width\":1000,\"height\":1000},{\"@type\":\"BreadcrumbList\",\"@id\":\"https:\/\/perlucine.fr\/en\/produit\/creme-hydratante-visage\/#breadcrumb\",\"itemListElement\":[{\"@type\":\"ListItem\",\"position\":1,\"name\":\"Accueil\",\"item\":\"https:\/\/perlucine.fr\/en\/\"},{\"@type\":\"ListItem\",\"position\":2,\"name\":\"Notre gamme\",\"item\":\"https:\/\/mediumpurple-lion-197043.hostingersite.com\/notre-gamme\/\"},{\"@type\":\"ListItem\",\"position\":3,\"name\":\"Hydrating face cream \ud83d\udc99\"}]},{\"@type\":\"WebSite\",\"@id\":\"https:\/\/perlucine.fr\/en\/#website\",\"url\":\"https:\/\/perlucine.fr\/en\/\",\"name\":\"Perlucine : cosm\u00e9tique naturelle et \u00e9co-responsable\",\"description\":\"Perlucine\",\"potentialAction\":[{\"@type\":\"SearchAction\",\"target\":{\"@type\":\"EntryPoint\",\"urlTemplate\":\"https:\/\/perlucine.fr\/en\/?s={search_term_string}\"},\"query-input\":{\"@type\":\"PropertyValueSpecification\",\"valueRequired\":true,\"valueName\":\"search_term_string\"}}],\"inLanguage\":\"en-US\"}]}<\/script>\n<!-- \/ Yoast SEO plugin. -->","yoast_head_json":{"title":"Hydrating face cream with earth marine water | Perlucine","description":"La cr\u00e8me visage Perlucine hydrate et prot\u00e8ge la peau du visage. Le parfum d\u00e9licat de Perlucine enveloppe chaque application d'une sensation de douceur et de l\u00e9g\u00e8ret\u00e9.","robots":{"index":"index","follow":"follow","max-snippet":"max-snippet:-1","max-image-preview":"max-image-preview:large","max-video-preview":"max-video-preview:-1"},"canonical":"https:\/\/perlucine.fr\/en\/produit\/creme-hydratante-visage\/","og_locale":"en_US","og_type":"article","og_title":"Hydrating face cream with earth marine water | Perlucine","og_description":"La cr\u00e8me visage Perlucine hydrate et prot\u00e8ge la peau du visage. Le parfum d\u00e9licat de Perlucine enveloppe chaque application d'une sensation de douceur et de l\u00e9g\u00e8ret\u00e9.","og_url":"https:\/\/perlucine.fr\/en\/produit\/creme-hydratante-visage\/","og_site_name":"Perlucine : cosm\u00e9tique naturelle et \u00e9co-responsable","article_publisher":"https:\/\/www.facebook.com\/perlucine.fr","article_modified_time":"2024-11-26T10:36:07+00:00","og_image":[{"width":1000,"height":1000,"url":"https:\/\/perlucine.fr\/wp-content\/uploads\/2024\/11\/Creme-Hydratante-Visage-1-2.jpg","type":"image\/jpeg"}],"twitter_card":"summary_large_image","twitter_misc":{"Est. reading time":"3 minutes"},"schema":{"@context":"https:\/\/schema.org","@graph":[{"@type":"WebPage","@id":"https:\/\/perlucine.fr\/en\/produit\/creme-hydratante-visage\/","url":"https:\/\/perlucine.fr\/en\/produit\/creme-hydratante-visage\/","name":"Hydrating face cream with earth marine water | Perlucine","isPartOf":{"@id":"https:\/\/perlucine.fr\/en\/#website"},"primaryImageOfPage":{"@id":"https:\/\/perlucine.fr\/en\/produit\/creme-hydratante-visage\/#primaryimage"},"image":{"@id":"https:\/\/perlucine.fr\/en\/produit\/creme-hydratante-visage\/#primaryimage"},"thumbnailUrl":"https:\/\/perlucine.fr\/wp-content\/uploads\/2024\/11\/Creme-Hydratante-Visage-1-2.jpg","datePublished":"2024-11-12T11:22:57+00:00","dateModified":"2024-11-26T10:36:07+00:00","description":"La cr\u00e8me visage Perlucine hydrate et prot\u00e8ge la peau du visage. Le parfum d\u00e9licat de Perlucine enveloppe chaque application d'une sensation de douceur et de l\u00e9g\u00e8ret\u00e9.","breadcrumb":{"@id":"https:\/\/perlucine.fr\/en\/produit\/creme-hydratante-visage\/#breadcrumb"},"inLanguage":"en-US","potentialAction":[{"@type":"ReadAction","target":["https:\/\/perlucine.fr\/en\/produit\/creme-hydratante-visage\/"]}]},{"@type":"ImageObject","inLanguage":"en-US","@id":"https:\/\/perlucine.fr\/en\/produit\/creme-hydratante-visage\/#primaryimage","url":"https:\/\/perlucine.fr\/wp-content\/uploads\/2024\/11\/Creme-Hydratante-Visage-1-2.jpg","contentUrl":"https:\/\/perlucine.fr\/wp-content\/uploads\/2024\/11\/Creme-Hydratante-Visage-1-2.jpg","width":1000,"height":1000},{"@type":"BreadcrumbList","@id":"https:\/\/perlucine.fr\/en\/produit\/creme-hydratante-visage\/#breadcrumb","itemListElement":[{"@type":"ListItem","position":1,"name":"Accueil","item":"https:\/\/perlucine.fr\/en\/"},{"@type":"ListItem","position":2,"name":"Notre gamme","item":"https:\/\/mediumpurple-lion-197043.hostingersite.com\/notre-gamme\/"},{"@type":"ListItem","position":3,"name":"Hydrating face cream \ud83d\udc99"}]},{"@type":"WebSite","@id":"https:\/\/perlucine.fr\/en\/#website","url":"https:\/\/perlucine.fr\/en\/","name":"Perlucine : cosm\u00e9tique naturelle et \u00e9co-responsable","description":"Perlucine","potentialAction":[{"@type":"SearchAction","target":{"@type":"EntryPoint","urlTemplate":"https:\/\/perlucine.fr\/en\/?s={search_term_string}"},"query-input":{"@type":"PropertyValueSpecification","valueRequired":true,"valueName":"search_term_string"}}],"inLanguage":"en-US"}]}},"_links":{"self":[{"href":"https:\/\/perlucine.fr\/en\/wp-json\/wp\/v2\/product\/14833","targetHints":{"allow":["GET"]}}],"collection":[{"href":"https:\/\/perlucine.fr\/en\/wp-json\/wp\/v2\/product"}],"about":[{"href":"https:\/\/perlucine.fr\/en\/wp-json\/wp\/v2\/types\/product"}],"wp:featuredmedia":[{"embeddable":true,"href":"https:\/\/perlucine.fr\/en\/wp-json\/wp\/v2\/media\/14776"}],"wp:attachment":[{"href":"https:\/\/perlucine.fr\/en\/wp-json\/wp\/v2\/media?parent=14833"}],"wp:term":[{"taxonomy":"product_brand","embeddable":true,"href":"https:\/\/perlucine.fr\/en\/wp-json\/wp\/v2\/product_brand?post=14833"},{"taxonomy":"product_cat","embeddable":true,"href":"https:\/\/perlucine.fr\/en\/wp-json\/wp\/v2\/product_cat?post=14833"},{"taxonomy":"product_tag","embeddable":true,"href":"https:\/\/perlucine.fr\/en\/wp-json\/wp\/v2\/product_tag?post=14833"}],"curies":[{"name":"wp","href":"https:\/\/api.w.org\/{rel}","templated":true}]}}