{"id":12983,"date":"2022-07-04T15:10:35","date_gmt":"2022-07-04T13:10:35","guid":{"rendered":"https:\/\/perlucine.fr\/kitmedia\/"},"modified":"2022-10-19T14:50:02","modified_gmt":"2022-10-19T12:50:02","slug":"kitmedia","status":"publish","type":"page","link":"https:\/\/perlucine.fr\/en\/kitmedia\/","title":{"rendered":"KIT M\u00c9DIA 2022"},"content":{"rendered":"<div class=\"wpb-content-wrapper\"><p>[vc_row full_width=&#8221;stretch_row&#8221; content_placement=&#8221;bottom&#8221; woodmart_bg_position=&#8221;center-bottom&#8221; bg_type=&#8221;image&#8221; parallax_style=&#8221;vcpb-default&#8221; bg_image_new=&#8221;id^2089|url^http:\/\/185.22.108.166\/~ozion\/wp-content\/uploads\/2019\/01\/man-phone.jpg|caption^null|alt^null|title^man-phone|description^null&#8221; enable_overlay=&#8221;enable_overlay_value&#8221; overlay_color=&#8221;#0a0a0a&#8221; overlay_pattern=&#8221;05.png&#8221; el_class=&#8221;opacity-video-bg&#8221; css=&#8221;.vc_custom_1619185352478{margin-bottom: 0vh !important;padding-top: 42vh !important;padding-bottom: 12vh !important;background-image: url(https:\/\/perlucine.fr\/wp-content\/uploads\/2021\/04\/coquilles-huitres_perlucine_.jpg?id=11086) !important;background-position: center !important;background-repeat: no-repeat !important;background-size: cover !important;}&#8221; woodmart_parallax=&#8221;0&#8243; woodmart_gradient_switch=&#8221;no&#8221; row_reverse_mobile=&#8221;0&#8243; row_reverse_tablet=&#8221;0&#8243; woodmart_disable_overflow=&#8221;0&#8243; mobile_bg_img_hidden=&#8221;no&#8221; tablet_bg_img_hidden=&#8221;no&#8221; kswr_row_top_decor_enabled=&#8221;false&#8221; kswr_row_bottom_decor_enabled=&#8221;false&#8221;][vc_column woodmart_color_scheme=&#8221;dark&#8221; el_class=&#8221;text-center&#8221; mobile_bg_img_hidden=&#8221;no&#8221; tablet_bg_img_hidden=&#8221;no&#8221; woodmart_parallax=&#8221;0&#8243; woodmart_sticky_column=&#8221;false&#8221; parallax_scroll=&#8221;no&#8221; mobile_reset_margin=&#8221;no&#8221; tablet_reset_margin=&#8221;no&#8221;]\t\t\t<div id=\"wd-6082ccb48daf2\" class=\"wd-text-block-wrapper wd-wpb wd-rs-6082ccb48daf2 color-scheme-custom text-center wd-width-enabled vc_custom_1619184808093 duce\" style=\"--wd-max-width: 70%;\">\n\t\t\t\t<div class=\"woodmart-title-container woodmart-text-block reset-last-child font-alt wd-font-weight-100 \">\n\t\t\t\t\t\t\t\t\t<\/div>\n\n\t\t\t\t\t\t\t<\/div>\n\t\t[\/vc_column][\/vc_row][vc_row css=&#8221;.vc_custom_1569137989026{margin-top: 70px !important;margin-bottom: 40px !important;}&#8221; mobile_bg_img_hidden=&#8221;no&#8221; tablet_bg_img_hidden=&#8221;no&#8221; woodmart_parallax=&#8221;0&#8243; woodmart_gradient_switch=&#8221;no&#8221; row_reverse_mobile=&#8221;0&#8243; row_reverse_tablet=&#8221;0&#8243; woodmart_disable_overflow=&#8221;0&#8243; kswr_row_top_decor_enabled=&#8221;false&#8221; kswr_row_bottom_decor_enabled=&#8221;false&#8221;][vc_column css_animation=&#8221;fadeInUp&#8221; offset=&#8221;vc_col-lg-offset-1 vc_col-lg-10 vc_col-md-offset-2 vc_col-md-9 vc_col-sm-offset-0&#8243; css=&#8221;.vc_custom_1569492188869{padding-top: 0px !important;}&#8221; mobile_bg_img_hidden=&#8221;no&#8221; tablet_bg_img_hidden=&#8221;no&#8221; woodmart_parallax=&#8221;0&#8243; woodmart_sticky_column=&#8221;false&#8221; parallax_scroll=&#8221;no&#8221; mobile_reset_margin=&#8221;no&#8221; tablet_reset_margin=&#8221;no&#8221;]\t\t\t<div id=\"wd-62c2fe42d3982\" class=\"wd-text-block-wrapper wd-wpb wd-rs-62c2fe42d3982 color-scheme-dark text-center vc_custom_1656946278311\">\n\t\t\t\t<div class=\"woodmart-title-container woodmart-text-block reset-last-child font-primary wd-font-weight-500 \">\n\t\t\t\t\t<span style=\"color: #503629; font-family: Georgia, Palatino; font-size: 24pt;\">\ud83c\udf0a KIT MEDIA PERLUCINE<\/span><\/p>\n<p><span class=\"notion-enable-hover\" style=\"font-size: 12pt;\" data-token-index=\"0\" data-reactroot=\"\">Sur cette page, vous trouverez tous les \u00e9l\u00e9ments n\u00e9cessaires pour communiquer sur Perlucine. <\/span><\/p>\n<p><span class=\"notion-enable-hover\" style=\"font-size: 12pt;\" data-token-index=\"0\" data-reactroot=\"\">Vous pouvez copier coller les textes ou vous en inspirer.<\/span>\t\t\t\t<\/div>\n\n\t\t\t\t\t\t\t<\/div>\n\t\t[\/vc_column][\/vc_row][vc_row][vc_column width=&#8221;1\/2&#8243;][vc_column_text woodmart_inline=&#8221;no&#8221; text_larger=&#8221;no&#8221;]<\/p>\n<p style=\"text-align: center;\">Vous ne trouvez pas votre bonheur sur cette page ?<\/p>\n<p style=\"text-align: center;\"><strong>Contactez Margaux \u2192 m.develay@aquatonale.com<\/strong><\/p>\n<p>[\/vc_column_text][\/vc_column][vc_column width=&#8221;1\/2&#8243;][vc_column_text woodmart_inline=&#8221;no&#8221; text_larger=&#8221;no&#8221;]<\/p>\n<p style=\"text-align: center;\"><strong>Nos r\u00e9seaux sociaux<\/strong><\/p>\n<p style=\"text-align: center;\"><span style=\"text-decoration: underline;\"><a href=\"https:\/\/www.instagram.com\/perlucine\/\">Notre Instagram<\/a><\/span><\/p>\n<p style=\"text-align: center;\"><span style=\"text-decoration: underline;\"><a href=\"https:\/\/m.facebook.com\/perlucine.fr\">Notre Facebook<\/a><\/span><\/p>\n<p style=\"text-align: center;\"><span style=\"text-decoration: underline;\"><a href=\"https:\/\/www.linkedin.com\/company\/perlucine-cosm%C3%A9tique-naturelle\/\">Notre Linkedin<\/a><\/span><\/p>\n<p>&nbsp;<\/p>\n<p>[\/vc_column_text][\/vc_column][\/vc_row][vc_row][vc_column][vc_column_text woodmart_inline=&#8221;no&#8221; text_larger=&#8221;no&#8221;]<\/p>\n<h1 style=\"text-align: left;\"><span style=\"font-size: 24pt;\"><strong><span role=\"image\" aria-label=\"\ud83c\udfa8\">\ud83c\udfa8<\/span>\u00a0Bo\u00eete \u00e0 outils<\/strong><\/span><\/h1>\n<p>[\/vc_column_text][\/vc_column][\/vc_row][vc_row][vc_column][vc_column_text woodmart_inline=&#8221;no&#8221; text_larger=&#8221;no&#8221;]<\/p>\n<h3 style=\"text-align: left;\"><span style=\"text-decoration: underline;\"><strong>Logos :<\/strong><\/span><\/h3>\n<p>&nbsp;<\/p>\n<p><a href=\"https:\/\/drive.google.com\/file\/d\/1EdSLC-1lRpRNDafml__i523j2QszxN22\/view?usp=sharing\"><img loading=\"lazy\" decoding=\"async\" class=\"alignnone wp-image-12711\" src=\"https:\/\/perlucine.fr\/wp-content\/uploads\/2022\/07\/LOGO-PERLUCINE-02-2019-1-800x505.png\" alt=\"\" width=\"363\" height=\"229\" srcset=\"https:\/\/perlucine.fr\/wp-content\/uploads\/2022\/07\/LOGO-PERLUCINE-02-2019-1-800x505.png 800w, https:\/\/perlucine.fr\/wp-content\/uploads\/2022\/07\/LOGO-PERLUCINE-02-2019-1-1680x1061.png 1680w, https:\/\/perlucine.fr\/wp-content\/uploads\/2022\/07\/LOGO-PERLUCINE-02-2019-1-768x485.png 768w, https:\/\/perlucine.fr\/wp-content\/uploads\/2022\/07\/LOGO-PERLUCINE-02-2019-1-1536x970.png 1536w, https:\/\/perlucine.fr\/wp-content\/uploads\/2022\/07\/LOGO-PERLUCINE-02-2019-1-2048x1294.png 2048w, https:\/\/perlucine.fr\/wp-content\/uploads\/2022\/07\/LOGO-PERLUCINE-02-2019-1-500x316.png 500w, https:\/\/perlucine.fr\/wp-content\/uploads\/2022\/07\/LOGO-PERLUCINE-02-2019-1-150x95.png 150w\" sizes=\"auto, (max-width: 363px) 100vw, 363px\" \/><\/a>[\/vc_column_text][\/vc_column][\/vc_row][vc_row][vc_column width=&#8221;1\/2&#8243;][vc_column_text woodmart_inline=&#8221;no&#8221; text_larger=&#8221;no&#8221;]<\/p>\n<h3 style=\"text-align: left;\"><span style=\"text-decoration: underline;\">Couleurs :<\/span><\/h3>\n<p style=\"text-align: left;\"><strong>#57433c<\/strong><strong> : marron fonc\u00e9<\/strong><\/p>\n<p style=\"text-align: left;\"><strong>#ede4dd : beige<\/strong><\/p>\n<p style=\"text-align: left;\"><strong>#ce9f83 : sable brul\u00e9<\/strong><\/p>\n<p>&nbsp;<\/p>\n<p>[\/vc_column_text][\/vc_column][vc_column width=&#8221;1\/2&#8243;][vc_column_text woodmart_inline=&#8221;no&#8221; text_larger=&#8221;no&#8221;]<\/p>\n<h3 style=\"text-align: left;\"><span style=\"text-decoration: underline;\">Polices :<\/span><\/h3>\n<p style=\"text-align: left;\"><strong><span style=\"font-family: caviardream;\">Caviar Dream<\/span><\/strong><\/p>\n<p style=\"text-align: left;\"><span style=\"font-family: ducelin; font-size: 14pt;\"><strong>Dulcelin<\/strong><\/span><\/p>\n<p>[\/vc_column_text][\/vc_column][\/vc_row][vc_row][vc_column][vc_column_text woodmart_inline=&#8221;no&#8221; text_larger=&#8221;no&#8221;]<\/p>\n<h1>\ud83d\udce3\u00a0Slogan<\/h1>\n<p>\u2705\u00a0<strong>Notre volont\u00e9 est de valoriser les ressources que nous offre l&#8217;Oc\u00e9an<\/strong><\/p>\n<h3><span style=\"text-decoration: underline;\">Tag lines :<\/span><\/h3>\n<ul>\n<li>Perlucine c&#8217;est LA premi\u00e8re gamme de soins cosm\u00e9tiques et d&#8217;hygi\u00e8ne POUDRE qui valorise un d\u00e9chet coquiller local : la coquille d&#8217;hu\u00eetre blanche<\/li>\n<li><span style=\"font-size: 12pt;\">La gamme Perlucine r\u00e9v\u00e8le une incroyable affinit\u00e9 entre la mer et la peau. Des formules courtes, sans eau, sans conservateur, ni parfum synth\u00e9tique et garantissent une hygi\u00e8ne quotidienne d&#8217;une efficacit\u00e9 optimale et en toute s\u00e9curit\u00e9.<\/span><\/li>\n<li><span style=\"font-size: 12pt;\">Perlucine, une gamme poudre innovante sans eau, sans conservateur, engag\u00e9e et 100% bretonne. Elle est certifi\u00e9e COSMOS, labellis\u00e9e Slow Cosm\u00e9tique et membre de RespectOcean.<\/span><\/li>\n<\/ul>\n<p>[\/vc_column_text][\/vc_column][\/vc_row][vc_row][vc_column][vc_column_text woodmart_inline=&#8221;no&#8221; text_larger=&#8221;no&#8221;]<\/p>\n<h1>\u00a0<span role=\"image\" aria-label=\"\ud83d\udc8c\">\ud83d\udc8c<\/span>\u00a0Communiqu\u00e9 de presse 2022<\/h1>\n<p><span style=\"text-decoration: underline;\"><strong><a href=\"https:\/\/perlucine.fr\/wp-content\/uploads\/2022\/07\/Dossier-de-presse-Poudre-de-Deodorant_01-2022.pdf\">T\u00e9l\u00e9chargez le Dossier de presse<\/a><\/strong><\/span><\/p>\n<p>[\/vc_column_text][\/vc_column][\/vc_row][vc_row][vc_column][vc_column_text woodmart_inline=&#8221;no&#8221; text_larger=&#8221;no&#8221;]<\/p>\n<h1>\ud83d\udc1a\u00a0La gamme Perlucine<\/h1>\n<p>[\/vc_column_text][\/vc_column][\/vc_row][vc_row][vc_column width=&#8221;1\/2&#8243;][vc_column_text woodmart_inline=&#8221;no&#8221; text_larger=&#8221;no&#8221;]<\/p>\n<h3><span style=\"text-decoration: underline;\"><strong>7 soins poudre hygi\u00e8ne :<\/strong><\/span><\/h3>\n<p>\u2022 Poudre de shampoing &#8211; Troph\u00e9e d&#8217;Argent Nat Expo 2021<\/p>\n<p>\u2022 Poudre de douche<\/p>\n<p>\u2022 Poudre de dentifrice<\/p>\n<p>\u2022 Poudre nettoyante pour le visage<\/p>\n<p>\u2022 Poudre de d\u00e9odorant<\/p>\n<p>\u2022 Poudre exfoliante<\/p>\n<p>\u2022 Poudre d&#8217;argile marine[\/vc_column_text][\/vc_column][vc_column width=&#8221;1\/2&#8243;][vc_column_text woodmart_inline=&#8221;no&#8221; text_larger=&#8221;no&#8221;]<\/p>\n<h3><span style=\"text-decoration: underline;\">4 soins pr\u00eats \u00e0 l&#8217;emploi :<\/span><\/h3>\n<p>\u2022 Baume pour le corps &#8211; Meilleur Produit Bio 2022 par BioTopia<\/p>\n<p>\u2022 Baume pour les l\u00e8vres<\/p>\n<p>\u2022 Gommage pour le corps<\/p>\n<p>\u2022 Huile pour le corps[\/vc_column_text][\/vc_column][\/vc_row][vc_row][vc_column][vc_column_text woodmart_inline=&#8221;no&#8221; text_larger=&#8221;no&#8221;]<\/p>\n<h1>\ud83d\udca1\u00a0Inspiration r\u00e9daction post Jeu concours<\/h1>\n<p><span style=\"font-size: 12pt;\">L\u2019oc\u00e9an nous offre des ressources, v\u00e9ritables tr\u00e9sors des mers\u00a0: les <a href=\"https:\/\/perlucine.fr\/comprendre-le-concept-perlucine-une-gamme-cosmetique-naturelle-a-base-de-coquille-dhuitre\/\"><span style=\"text-decoration: underline;\">coquilles d\u2019hu\u00eetres blanches sauvages<\/span><\/a>. R\u00e9colt\u00e9es manuellement sur les plages du littoral breton, les coquilles d\u2019hu\u00eetres blanches sont lav\u00e9es \u00e0 l\u2019eau claire et r\u00e9duites en poudre afin d\u2019enrichir nos produits (upcycling). C\u2019est ainsi que na\u00eet Perlucine, une gamme poudre innovante sans eau, engag\u00e9e et 100% bretonne. Elle est certifi\u00e9e <a href=\"https:\/\/www.ecocert.com\/fr-FR\/certification\/cosmetiques-biologiques-ou-naturels-cosmos\"><span style=\"text-decoration: underline;\">COSMOS<\/span><\/a>, labellis\u00e9e <a href=\"https:\/\/www.slow-cosmetique.com\/\"><span style=\"text-decoration: underline;\">Slow Cosm\u00e9tique<\/span><\/a> et membre de <span style=\"text-decoration: underline;\"><a href=\"https:\/\/www.respectocean.com\/\">RespectOcean<\/a><\/span>.<\/span>[\/vc_column_text][\/vc_column][\/vc_row][vc_row][vc_column][vc_column_text woodmart_inline=&#8221;no&#8221; text_larger=&#8221;no&#8221;]<\/p>\n<h1>\ud83d\ude0e Pour en savoir un peu plus sur Perlucine<\/h1>\n<h4>Que signifie \u00ab Perlucine \u00bb ?<\/h4>\n<p><em><strong>La Perlucine, appel\u00e9e aussi Conchyoline, est une prot\u00e9ine qui se lie aux cristaux d\u2019aragonite<sup>\u00a0(1)\u00a0<\/sup>pour former la nacre, biosynth\u00e9tis\u00e9e par le manteau et constituant le rev\u00eatement int\u00e9rieur, aux reflets iris\u00e9s, de la coquille d\u2019hu\u00eetre.<\/strong><\/em><\/p>\n<p><sup>\u00a0(1)\u00a0<\/sup><em>Forme cristalline du Carbonate de Calcium biosynth\u00e9tis\u00e9. Autre forme cristalline\u00a0: la calcite, \u00e0 l\u2019aspect m\u00e2t.<\/em><\/p>\n<h3><span style=\"font-size: 14pt;\">Quelques chiffres cl\u00e9s d&#8217;<a href=\"https:\/\/perlucine.fr\/presentation-dentre-mer-et-terre\/\"><span style=\"text-decoration: underline;\">Entre Mer &amp; Terre<\/span><\/a> :<\/span><\/h3>\n<ul>\n<li>\n<h4><strong>10 tonnes<\/strong>\u00a0de coquilles ramass\u00e9es<\/h4>\n<\/li>\n<li>\n<h4><strong>1260 heures<\/strong>\u00a0de r\u00e9colte sur les plages<\/h4>\n<\/li>\n<\/ul>\n<p>[\/vc_column_text][vc_column_text woodmart_inline=&#8221;no&#8221; text_larger=&#8221;no&#8221;]<\/p>\n<h1>\ud83d\udd06Nos visuels<\/h1>\n<p>[\/vc_column_text][vc_media_grid element_width=&#8221;2&#8243; grid_id=&#8221;vc_gid:1666171767516-abf05a27-a686-6&#8243; include=&#8221;12635,12616,12614,12618,12620,12622,12631,12626,12628,12639,12637,12641,12643,12680,12684,12551,12553,12567,12645,12647,12649,12651,12653,12655,12657,12659,12661,12663,12665,12667,12669,12671,12673,12686,12682,12794,12796,12798,12800,12802,12804,12806,12810,12814,12817,12819,12997,12999,13001,13003,13005,13007&#8243;][vc_column_text woodmart_inline=&#8221;no&#8221; text_larger=&#8221;no&#8221;]<\/p>\n<h3><span style=\"text-decoration: underline;\">Coquilles d&#8217;hu\u00eetres blanches<\/span> :<\/h3>\n<p>[\/vc_column_text][vc_media_grid element_width=&#8221;2&#8243; grid_id=&#8221;vc_gid:1666171767572-6f63cdb6-940c-0&#8243; include=&#8221;12701,12703&#8243;][\/vc_column][\/vc_row]<\/p>\n<\/div>","protected":false},"excerpt":{"rendered":"<p>[vc_row full_width=&#8221;stretch_row&#8221; content_placement=&#8221;bottom&#8221; woodmart_bg_position=&#8221;center-bottom&#8221; bg_type=&#8221;image&#8221; parallax_style=&#8221;vcpb-default&#8221; bg_image_new=&#8221;id^2089|url^http:\/\/185.22.108.166\/~ozion\/wp-content\/uploads\/2019\/01\/man-phone.jpg|caption^null|alt^null|title^man-phone|description^null&#8221; enable_overlay=&#8221;enable_overlay_value&#8221; overlay_color=&#8221;#0a0a0a&#8221; overlay_pattern=&#8221;05.png&#8221; el_class=&#8221;opacity-video-bg&#8221; css=&#8221;.vc_custom_1619185352478{margin-bottom: 0vh !important;padding-top: 42vh !important;padding-bottom: 12vh !important;background-image: url(https:\/\/perlucine.fr\/wp-content\/uploads\/2021\/04\/coquilles-huitres_perlucine_.jpg?id=11086) !important;background-position:<\/p>\n","protected":false},"author":1,"featured_media":0,"parent":0,"menu_order":0,"comment_status":"closed","ping_status":"closed","template":"","meta":{"footnotes":""},"class_list":["post-12983","page","type-page","status-publish","hentry"],"yoast_head":"<!-- This site is optimized with the Yoast SEO plugin v26.8 - https:\/\/yoast.com\/product\/yoast-seo-wordpress\/ -->\n<title>Soins cosm\u00e9tiques naturels et durables \u00e0 la coquille d&#039;hu\u00eetre | Perlucine<\/title>\n<meta name=\"description\" content=\"D\u00e9couvrez les bienfaits de la coquille d&#039;hu\u00eetre pour la peau. Perlucine, soins cosm\u00e9tiques naturels et durables aux actifs marins.\" \/>\n<meta name=\"robots\" content=\"index, follow, max-snippet:-1, max-image-preview:large, max-video-preview:-1\" \/>\n<link rel=\"canonical\" href=\"https:\/\/perlucine.fr\/en\/kitmedia\/\" \/>\n<meta property=\"og:locale\" content=\"en_US\" \/>\n<meta property=\"og:type\" content=\"article\" \/>\n<meta property=\"og:title\" content=\"Soins cosm\u00e9tiques naturels et durables \u00e0 la coquille d&#039;hu\u00eetre | Perlucine\" \/>\n<meta property=\"og:description\" content=\"D\u00e9couvrez les bienfaits de la coquille d&#039;hu\u00eetre pour la peau. Perlucine, soins cosm\u00e9tiques naturels et durables aux actifs marins.\" \/>\n<meta property=\"og:url\" content=\"https:\/\/perlucine.fr\/en\/kitmedia\/\" \/>\n<meta property=\"og:site_name\" content=\"Perlucine : cosm\u00e9tique naturelle et \u00e9co-responsable\" \/>\n<meta property=\"article:publisher\" content=\"https:\/\/www.facebook.com\/perlucine.fr\" \/>\n<meta property=\"article:modified_time\" content=\"2022-10-19T12:50:02+00:00\" \/>\n<meta property=\"og:image\" content=\"https:\/\/perlucine.fr\/wp-content\/uploads\/2022\/07\/LOGO-PERLUCINE-02-2019-1-800x505.png\" \/>\n<meta name=\"twitter:card\" content=\"summary_large_image\" \/>\n<meta name=\"twitter:label1\" content=\"Est. reading time\" \/>\n\t<meta name=\"twitter:data1\" content=\"4 minutes\" \/>\n<script type=\"application\/ld+json\" class=\"yoast-schema-graph\">{\"@context\":\"https:\/\/schema.org\",\"@graph\":[{\"@type\":\"WebPage\",\"@id\":\"https:\/\/perlucine.fr\/en\/kitmedia\/\",\"url\":\"https:\/\/perlucine.fr\/en\/kitmedia\/\",\"name\":\"Soins cosm\u00e9tiques naturels et durables \u00e0 la coquille d'hu\u00eetre | Perlucine\",\"isPartOf\":{\"@id\":\"https:\/\/perlucine.fr\/en\/#website\"},\"primaryImageOfPage\":{\"@id\":\"https:\/\/perlucine.fr\/en\/kitmedia\/#primaryimage\"},\"image\":{\"@id\":\"https:\/\/perlucine.fr\/en\/kitmedia\/#primaryimage\"},\"thumbnailUrl\":\"https:\/\/perlucine.fr\/wp-content\/uploads\/2022\/07\/LOGO-PERLUCINE-02-2019-1-800x505.png\",\"datePublished\":\"2022-07-04T13:10:35+00:00\",\"dateModified\":\"2022-10-19T12:50:02+00:00\",\"description\":\"D\u00e9couvrez les bienfaits de la coquille d'hu\u00eetre pour la peau. Perlucine, soins cosm\u00e9tiques naturels et durables aux actifs marins.\",\"breadcrumb\":{\"@id\":\"https:\/\/perlucine.fr\/en\/kitmedia\/#breadcrumb\"},\"inLanguage\":\"en-US\",\"potentialAction\":[{\"@type\":\"ReadAction\",\"target\":[\"https:\/\/perlucine.fr\/en\/kitmedia\/\"]}]},{\"@type\":\"ImageObject\",\"inLanguage\":\"en-US\",\"@id\":\"https:\/\/perlucine.fr\/en\/kitmedia\/#primaryimage\",\"url\":\"https:\/\/perlucine.fr\/wp-content\/uploads\/2022\/07\/LOGO-PERLUCINE-02-2019-1-800x505.png\",\"contentUrl\":\"https:\/\/perlucine.fr\/wp-content\/uploads\/2022\/07\/LOGO-PERLUCINE-02-2019-1-800x505.png\"},{\"@type\":\"BreadcrumbList\",\"@id\":\"https:\/\/perlucine.fr\/en\/kitmedia\/#breadcrumb\",\"itemListElement\":[{\"@type\":\"ListItem\",\"position\":1,\"name\":\"Accueil\",\"item\":\"https:\/\/perlucine.fr\/en\/\"},{\"@type\":\"ListItem\",\"position\":2,\"name\":\"KIT M\u00c9DIA 2022\"}]},{\"@type\":\"WebSite\",\"@id\":\"https:\/\/perlucine.fr\/en\/#website\",\"url\":\"https:\/\/perlucine.fr\/en\/\",\"name\":\"Perlucine : cosm\u00e9tique naturelle et \u00e9co-responsable\",\"description\":\"Perlucine\",\"potentialAction\":[{\"@type\":\"SearchAction\",\"target\":{\"@type\":\"EntryPoint\",\"urlTemplate\":\"https:\/\/perlucine.fr\/en\/?s={search_term_string}\"},\"query-input\":{\"@type\":\"PropertyValueSpecification\",\"valueRequired\":true,\"valueName\":\"search_term_string\"}}],\"inLanguage\":\"en-US\"}]}<\/script>\n<!-- \/ Yoast SEO plugin. -->","yoast_head_json":{"title":"Soins cosm\u00e9tiques naturels et durables \u00e0 la coquille d'hu\u00eetre | Perlucine","description":"D\u00e9couvrez les bienfaits de la coquille d'hu\u00eetre pour la peau. Perlucine, soins cosm\u00e9tiques naturels et durables aux actifs marins.","robots":{"index":"index","follow":"follow","max-snippet":"max-snippet:-1","max-image-preview":"max-image-preview:large","max-video-preview":"max-video-preview:-1"},"canonical":"https:\/\/perlucine.fr\/en\/kitmedia\/","og_locale":"en_US","og_type":"article","og_title":"Soins cosm\u00e9tiques naturels et durables \u00e0 la coquille d'hu\u00eetre | Perlucine","og_description":"D\u00e9couvrez les bienfaits de la coquille d'hu\u00eetre pour la peau. Perlucine, soins cosm\u00e9tiques naturels et durables aux actifs marins.","og_url":"https:\/\/perlucine.fr\/en\/kitmedia\/","og_site_name":"Perlucine : cosm\u00e9tique naturelle et \u00e9co-responsable","article_publisher":"https:\/\/www.facebook.com\/perlucine.fr","article_modified_time":"2022-10-19T12:50:02+00:00","og_image":[{"url":"https:\/\/perlucine.fr\/wp-content\/uploads\/2022\/07\/LOGO-PERLUCINE-02-2019-1-800x505.png","type":"","width":"","height":""}],"twitter_card":"summary_large_image","twitter_misc":{"Est. reading time":"4 minutes"},"schema":{"@context":"https:\/\/schema.org","@graph":[{"@type":"WebPage","@id":"https:\/\/perlucine.fr\/en\/kitmedia\/","url":"https:\/\/perlucine.fr\/en\/kitmedia\/","name":"Soins cosm\u00e9tiques naturels et durables \u00e0 la coquille d'hu\u00eetre | Perlucine","isPartOf":{"@id":"https:\/\/perlucine.fr\/en\/#website"},"primaryImageOfPage":{"@id":"https:\/\/perlucine.fr\/en\/kitmedia\/#primaryimage"},"image":{"@id":"https:\/\/perlucine.fr\/en\/kitmedia\/#primaryimage"},"thumbnailUrl":"https:\/\/perlucine.fr\/wp-content\/uploads\/2022\/07\/LOGO-PERLUCINE-02-2019-1-800x505.png","datePublished":"2022-07-04T13:10:35+00:00","dateModified":"2022-10-19T12:50:02+00:00","description":"D\u00e9couvrez les bienfaits de la coquille d'hu\u00eetre pour la peau. Perlucine, soins cosm\u00e9tiques naturels et durables aux actifs marins.","breadcrumb":{"@id":"https:\/\/perlucine.fr\/en\/kitmedia\/#breadcrumb"},"inLanguage":"en-US","potentialAction":[{"@type":"ReadAction","target":["https:\/\/perlucine.fr\/en\/kitmedia\/"]}]},{"@type":"ImageObject","inLanguage":"en-US","@id":"https:\/\/perlucine.fr\/en\/kitmedia\/#primaryimage","url":"https:\/\/perlucine.fr\/wp-content\/uploads\/2022\/07\/LOGO-PERLUCINE-02-2019-1-800x505.png","contentUrl":"https:\/\/perlucine.fr\/wp-content\/uploads\/2022\/07\/LOGO-PERLUCINE-02-2019-1-800x505.png"},{"@type":"BreadcrumbList","@id":"https:\/\/perlucine.fr\/en\/kitmedia\/#breadcrumb","itemListElement":[{"@type":"ListItem","position":1,"name":"Accueil","item":"https:\/\/perlucine.fr\/en\/"},{"@type":"ListItem","position":2,"name":"KIT M\u00c9DIA 2022"}]},{"@type":"WebSite","@id":"https:\/\/perlucine.fr\/en\/#website","url":"https:\/\/perlucine.fr\/en\/","name":"Perlucine : cosm\u00e9tique naturelle et \u00e9co-responsable","description":"Perlucine","potentialAction":[{"@type":"SearchAction","target":{"@type":"EntryPoint","urlTemplate":"https:\/\/perlucine.fr\/en\/?s={search_term_string}"},"query-input":{"@type":"PropertyValueSpecification","valueRequired":true,"valueName":"search_term_string"}}],"inLanguage":"en-US"}]}},"_links":{"self":[{"href":"https:\/\/perlucine.fr\/en\/wp-json\/wp\/v2\/pages\/12983","targetHints":{"allow":["GET"]}}],"collection":[{"href":"https:\/\/perlucine.fr\/en\/wp-json\/wp\/v2\/pages"}],"about":[{"href":"https:\/\/perlucine.fr\/en\/wp-json\/wp\/v2\/types\/page"}],"author":[{"embeddable":true,"href":"https:\/\/perlucine.fr\/en\/wp-json\/wp\/v2\/users\/1"}],"replies":[{"embeddable":true,"href":"https:\/\/perlucine.fr\/en\/wp-json\/wp\/v2\/comments?post=12983"}],"version-history":[{"count":0,"href":"https:\/\/perlucine.fr\/en\/wp-json\/wp\/v2\/pages\/12983\/revisions"}],"wp:attachment":[{"href":"https:\/\/perlucine.fr\/en\/wp-json\/wp\/v2\/media?parent=12983"}],"curies":[{"name":"wp","href":"https:\/\/api.w.org\/{rel}","templated":true}]}}